{"id":557,"date":"2024-11-22T04:39:26","date_gmt":"2024-11-22T04:39:26","guid":{"rendered":"https:\/\/freshmind.us\/?post_type=product&#038;p=557"},"modified":"2025-03-07T01:53:15","modified_gmt":"2025-03-07T01:53:15","slug":"keto-meal-plan","status":"publish","type":"product","link":"https:\/\/freshmind.us\/es\/producto\/keto-meal-plan\/","title":{"rendered":"Plan de alimentaci\u00f3n cetog\u00e9nica"},"content":{"rendered":"","protected":false},"excerpt":{"rendered":"<p><strong><em>Nuestro men\u00fa cetog\u00e9nico ofrece comidas deliciosas y satisfactorias que reemplazan los carbohidratos por grasas. (Dieta baja en carbohidratos y alta en grasas para una r\u00e1pida p\u00e9rdida de peso)<\/em><\/strong><\/p>\n<p>&nbsp;<\/p>\n<ul>\n<li><span class=\"elementor-icon-list-text\"> Schedule: Monday &#8211; Friday<\/span><\/li>\n<li><span class=\"elementor-icon-list-text\">Comidas por d\u00eda: 3<\/span><\/li>\n<li><span class=\"elementor-icon-list-text\">Desayuno, Almuerzo, Cena<\/span><\/li>\n<\/ul>","protected":false},"featured_media":0,"comment_status":"open","ping_status":"closed","template":"","meta":[],"product_brand":[],"product_cat":[20],"product_tag":[],"class_list":{"0":"post-557","1":"product","2":"type-product","3":"status-publish","5":"product_cat-uncategorized","7":"first","8":"instock","9":"virtual","10":"sold-individually","11":"purchasable","12":"product-type-simple"},"jetpack_sharing_enabled":true,"_links":{"self":[{"href":"https:\/\/freshmind.us\/es\/wp-json\/wp\/v2\/product\/557","targetHints":{"allow":["GET"]}}],"collection":[{"href":"https:\/\/freshmind.us\/es\/wp-json\/wp\/v2\/product"}],"about":[{"href":"https:\/\/freshmind.us\/es\/wp-json\/wp\/v2\/types\/product"}],"replies":[{"embeddable":true,"href":"https:\/\/freshmind.us\/es\/wp-json\/wp\/v2\/comments?post=557"}],"wp:attachment":[{"href":"https:\/\/freshmind.us\/es\/wp-json\/wp\/v2\/media?parent=557"}],"wp:term":[{"taxonomy":"product_brand","embeddable":true,"href":"https:\/\/freshmind.us\/es\/wp-json\/wp\/v2\/product_brand?post=557"},{"taxonomy":"product_cat","embeddable":true,"href":"https:\/\/freshmind.us\/es\/wp-json\/wp\/v2\/product_cat?post=557"},{"taxonomy":"product_tag","embeddable":true,"href":"https:\/\/freshmind.us\/es\/wp-json\/wp\/v2\/product_tag?post=557"}],"curies":[{"name":"wp","href":"https:\/\/api.w.org\/{rel}","templated":true}]}}